{"id":217,"date":"2023-10-09T12:44:45","date_gmt":"2023-10-09T10:44:45","guid":{"rendered":"https:\/\/muriellejacomet.org\/?page_id=217"},"modified":"2025-10-09T09:41:29","modified_gmt":"2025-10-09T07:41:29","slug":"mon-parcours","status":"publish","type":"page","link":"https:\/\/muriellejacomet.org\/index.php\/mon-parcours\/","title":{"rendered":"Mon Parcours"},"content":{"rendered":"\n<h2 class=\"wp-block-heading\">Un parcours riche et complet<\/h2>\n\n\n\n<p>Les formations que j\u2019ai suivies sont nombreuses et de qualit\u00e9 et me permettent aujourd\u2019hui de proposer un accompagnement tr\u00e8s complet.<\/p>\n\n\n\n<p><strong>Naturopathie<\/strong> &#8211; IFN institut de formation naturopathique &#8211; Montreal<\/p>\n\n\n\n<p><strong>Gestionnaire de Sant\u00e9 <\/strong>&#8211; Soci\u00e9t\u00e9 EducoSant\u00e9 &#8211; Montr\u00e9al<\/p>\n\n\n\n<p><strong>Coaching Personnel, module PNL, Enn\u00e9agramme, Formateur<\/strong> &#8211; MHD \u00c9cole fran\u00e7aise de coaching &#8211; Paris<\/p>\n\n\n\n<p><strong>Massage professionnel tha\u00eflandais et Alma<\/strong> &#8211; Wat Pho \u00c9cole de massage &#8211; Bangkok Tha\u00eflande<\/p>\n\n\n\n<p><strong>Massage aromatique et pierres chaudes<\/strong> &#8211; Ecole parisienne de massage &#8211; Paris<\/p>\n\n\n\n<p><strong>Lympho-\u00c9nergie\u00ae <\/strong>&#8211; \u00c9cole Dominique Jacquemay &#8211; Bruxelles<\/p>\n\n\n\n<p><strong>\u00c9ducatrice en Mindfulness<\/strong> &#8211; Mindfulness Educators &#8211; United Kingdom<\/p>\n\n\n\n<p>Mais aussi formations en fleur de Bach, aromat\u00e9rapie, hygi\u00e8ne de vie \u2026<\/p>\n\n\n<div class=\"wp-block-image\">\n<figure class=\"alignleft size-full\"><img data-recalc-dims=\"1\" loading=\"lazy\" decoding=\"async\" width=\"225\" height=\"225\" src=\"https:\/\/i0.wp.com\/muriellejacomet.org\/wp-content\/uploads\/2023\/10\/IPHM.jpg?resize=225%2C225\" alt=\"\" class=\"wp-image-219\" srcset=\"https:\/\/i0.wp.com\/muriellejacomet.org\/wp-content\/uploads\/2023\/10\/IPHM.jpg?w=225&amp;ssl=1 225w, https:\/\/i0.wp.com\/muriellejacomet.org\/wp-content\/uploads\/2023\/10\/IPHM.jpg?resize=150%2C150&amp;ssl=1 150w, https:\/\/i0.wp.com\/muriellejacomet.org\/wp-content\/uploads\/2023\/10\/IPHM.jpg?resize=100%2C100&amp;ssl=1 100w\" sizes=\"auto, (max-width: 225px) 100vw, 225px\" \/><\/figure>\n<\/div>\n\n\n<figure class=\"wp-block-image size-full\"><img data-recalc-dims=\"1\" loading=\"lazy\" decoding=\"async\" width=\"266\" height=\"358\" src=\"https:\/\/i0.wp.com\/muriellejacomet.org\/wp-content\/uploads\/2023\/10\/MembreAINH-et-SES.jpg?resize=266%2C358\" alt=\"\" class=\"wp-image-218\" srcset=\"https:\/\/i0.wp.com\/muriellejacomet.org\/wp-content\/uploads\/2023\/10\/MembreAINH-et-SES.jpg?w=266&amp;ssl=1 266w, https:\/\/i0.wp.com\/muriellejacomet.org\/wp-content\/uploads\/2023\/10\/MembreAINH-et-SES.jpg?resize=223%2C300&amp;ssl=1 223w\" sizes=\"auto, (max-width: 266px) 100vw, 266px\" \/><\/figure>\n","protected":false},"excerpt":{"rendered":"<p>Un parcours riche et complet Les formations que j\u2019ai suivies &hellip; <\/p>\n","protected":false},"author":1,"featured_media":0,"parent":0,"menu_order":0,"comment_status":"closed","ping_status":"closed","template":"","meta":{"advanced_seo_description":"","jetpack_seo_html_title":"","jetpack_seo_noindex":false,"footnotes":""},"class_list":["post-217","page","type-page","status-publish","hentry","has-single-img"],"jetpack_sharing_enabled":true,"jetpack_likes_enabled":false,"jetpack-related-posts":[{"id":237,"url":"https:\/\/muriellejacomet.org\/index.php\/la-naturopathie\/","url_meta":{"origin":217,"position":0},"title":"La Naturopathie","author":"Murielle","date":"9 octobre 2023","format":false,"excerpt":"Qu\u2019est-ce que la naturopathie et que peut-elle pour vous ? La naturopathie est une approche holistique de la sant\u00e9 et du bien-\u00eatre qui se concentre sur le principe de l'autogu\u00e9rison du corps. En effet ce dernier s\u2019il est plac\u00e9 dans les conditions id\u00e9ales \u00e0 la capacit\u00e9 de recouvrer sa sant\u00e9\u2026","rel":"","context":"Article similaire","block_context":{"text":"Article similaire","link":""},"img":{"alt_text":"","src":"https:\/\/i0.wp.com\/muriellejacomet.org\/wp-content\/uploads\/2025\/10\/Highlight-site-1.png?fit=800%2C800&ssl=1&resize=350%2C200","width":350,"height":200,"srcset":"https:\/\/i0.wp.com\/muriellejacomet.org\/wp-content\/uploads\/2025\/10\/Highlight-site-1.png?fit=800%2C800&ssl=1&resize=350%2C200 1x, https:\/\/i0.wp.com\/muriellejacomet.org\/wp-content\/uploads\/2025\/10\/Highlight-site-1.png?fit=800%2C800&ssl=1&resize=525%2C300 1.5x, https:\/\/i0.wp.com\/muriellejacomet.org\/wp-content\/uploads\/2025\/10\/Highlight-site-1.png?fit=800%2C800&ssl=1&resize=700%2C400 2x"},"classes":[]},{"id":10,"url":"https:\/\/muriellejacomet.org\/index.php\/a-propos\/","url_meta":{"origin":217,"position":1},"title":"Qui se cache derri\u00e8re ce site :","author":"Murielle","date":"24 ao\u00fbt 2023","format":false,"excerpt":"\ud83c\udf38 Qui je suis Je suis Murielle, naturopathe cr\u00e9ative, maman d\u2019un ado plein de vie, passionn\u00e9e par la sant\u00e9, la simplicit\u00e9 et la cr\u00e9ativit\u00e9. En 2018, j\u2019ai quitt\u00e9 Paris pour reconstruire ma vie \u00e0 Tours. \u00c0 cette \u00e9poque, je me sentais \u00e9puis\u00e9e, submerg\u00e9e par mon r\u00f4le de maman solo, de\u2026","rel":"","context":"Article similaire","block_context":{"text":"Article similaire","link":""},"img":{"alt_text":"","src":"https:\/\/i0.wp.com\/muriellejacomet.org\/wp-content\/uploads\/2025\/10\/MIF-A-propos.png?fit=849%2C1200&ssl=1&resize=350%2C200","width":350,"height":200,"srcset":"https:\/\/i0.wp.com\/muriellejacomet.org\/wp-content\/uploads\/2025\/10\/MIF-A-propos.png?fit=849%2C1200&ssl=1&resize=350%2C200 1x, https:\/\/i0.wp.com\/muriellejacomet.org\/wp-content\/uploads\/2025\/10\/MIF-A-propos.png?fit=849%2C1200&ssl=1&resize=525%2C300 1.5x, https:\/\/i0.wp.com\/muriellejacomet.org\/wp-content\/uploads\/2025\/10\/MIF-A-propos.png?fit=849%2C1200&ssl=1&resize=700%2C400 2x"},"classes":[]}],"_links":{"self":[{"href":"https:\/\/muriellejacomet.org\/index.php\/wp-json\/wp\/v2\/pages\/217","targetHints":{"allow":["GET"]}}],"collection":[{"href":"https:\/\/muriellejacomet.org\/index.php\/wp-json\/wp\/v2\/pages"}],"about":[{"href":"https:\/\/muriellejacomet.org\/index.php\/wp-json\/wp\/v2\/types\/page"}],"author":[{"embeddable":true,"href":"https:\/\/muriellejacomet.org\/index.php\/wp-json\/wp\/v2\/users\/1"}],"replies":[{"embeddable":true,"href":"https:\/\/muriellejacomet.org\/index.php\/wp-json\/wp\/v2\/comments?post=217"}],"version-history":[{"count":1,"href":"https:\/\/muriellejacomet.org\/index.php\/wp-json\/wp\/v2\/pages\/217\/revisions"}],"predecessor-version":[{"id":220,"href":"https:\/\/muriellejacomet.org\/index.php\/wp-json\/wp\/v2\/pages\/217\/revisions\/220"}],"wp:attachment":[{"href":"https:\/\/muriellejacomet.org\/index.php\/wp-json\/wp\/v2\/media?parent=217"}],"curies":[{"name":"wp","href":"https:\/\/api.w.org\/{rel}","templated":true}]}}