{"id":237,"date":"2023-10-09T13:49:27","date_gmt":"2023-10-09T11:49:27","guid":{"rendered":"https:\/\/muriellejacomet.org\/?page_id=237"},"modified":"2025-10-13T10:20:38","modified_gmt":"2025-10-13T08:20:38","slug":"la-naturopathie","status":"publish","type":"page","link":"https:\/\/muriellejacomet.org\/index.php\/la-naturopathie\/","title":{"rendered":"La Naturopathie"},"content":{"rendered":"\n<h2 class=\"wp-block-heading\">Qu\u2019est-ce que la naturopathie et que peut-elle pour vous ?<\/h2>\n\n\n\n<p>La naturopathie est une approche holistique de la sant\u00e9 et du bien-\u00eatre qui se concentre sur le principe de l&rsquo;autogu\u00e9rison du corps. En effet ce dernier s\u2019il est plac\u00e9 dans les conditions id\u00e9ales \u00e0 la capacit\u00e9 de recouvrer sa sant\u00e9 optimale. La naturopathie met l&rsquo;accent sur l&rsquo;utilisation de m\u00e9thodes naturelles et non invasives pour promouvoir la sant\u00e9 globale et \u00e9quilibrer les syst\u00e8mes du corps.<\/p>\n\n\n\n<p>Les naturopathes pensent que la nature poss\u00e8de les ressources n\u00e9cessaires pour gu\u00e9rir et maintenir la sant\u00e9, et ils utilisent donc une combinaison facteurs naturels tels que l&rsquo;alimentation saine, l&rsquo;exercice physique, les suppl\u00e9ments nutritionnels, le sommeil, les techniques de relaxation ou encore la gestion du stress pour soutenir le processus de gu\u00e9rison naturelle du corps.<\/p>\n\n\n\n<p>La naturopathie met \u00e9galement l&rsquo;accent sur la pr\u00e9vention des maladies en identifiant et en corrigeant les d\u00e9s\u00e9quilibres et les carences nutritionnelles avant qu&rsquo;ils ne conduisent \u00e0 des probl\u00e8mes de sant\u00e9 plus graves. Les naturopathes cherchent \u00e0 traiter la personne dans sa globalit\u00e9 plut\u00f4t que de se concentrer uniquement sur les sympt\u00f4mes sp\u00e9cifiques.<\/p>\n\n\n\n<p>Il est important de souligner que la naturopathie ne remplace pas les soins m\u00e9dicaux conventionnels, mais elle peut \u00eatre utilis\u00e9e en compl\u00e9ment pour soutenir la sant\u00e9 et am\u00e9liorer le bien-\u00eatre global. Si vous envisagez de consulter un naturopathe, il est recommand\u00e9 de discuter d&rsquo;abord avec votre professionnel de la sant\u00e9 pour vous assurer que cela convient \u00e0 votre situation sp\u00e9cifique.<\/p>\n","protected":false},"excerpt":{"rendered":"<p>Qu\u2019est-ce que la naturopathie et que peut-elle pour vous ? &hellip; <\/p>\n","protected":false},"author":1,"featured_media":2170,"parent":0,"menu_order":0,"comment_status":"closed","ping_status":"closed","template":"","meta":{"advanced_seo_description":"","jetpack_seo_html_title":"","jetpack_seo_noindex":false,"footnotes":""},"class_list":["post-237","page","type-page","status-publish","has-post-thumbnail","hentry","has-single-img"],"jetpack_sharing_enabled":true,"jetpack_likes_enabled":false,"jetpack-related-posts":[{"id":217,"url":"https:\/\/muriellejacomet.org\/index.php\/mon-parcours\/","url_meta":{"origin":237,"position":0},"title":"Mon Parcours","author":"Murielle","date":"9 octobre 2023","format":false,"excerpt":"Un parcours riche et complet Les formations que j\u2019ai suivies sont nombreuses et de qualit\u00e9 et me permettent aujourd\u2019hui de proposer un accompagnement tr\u00e8s complet. Naturopathie - IFN institut de formation naturopathique - Montreal Gestionnaire de Sant\u00e9 - Soci\u00e9t\u00e9 EducoSant\u00e9 - Montr\u00e9al Coaching Personnel, module PNL, Enn\u00e9agramme, Formateur - MHD\u2026","rel":"","context":"Article similaire","block_context":{"text":"Article similaire","link":""},"img":{"alt_text":"","src":"https:\/\/i0.wp.com\/muriellejacomet.org\/wp-content\/uploads\/2023\/10\/IPHM.jpg?resize=350%2C200","width":350,"height":200},"classes":[]},{"id":10,"url":"https:\/\/muriellejacomet.org\/index.php\/a-propos\/","url_meta":{"origin":237,"position":1},"title":"Qui se cache derri\u00e8re ce site :","author":"Murielle","date":"24 ao\u00fbt 2023","format":false,"excerpt":"\ud83c\udf38 Qui je suis Je suis Murielle, naturopathe cr\u00e9ative, maman d\u2019un ado plein de vie, passionn\u00e9e par la sant\u00e9, la simplicit\u00e9 et la cr\u00e9ativit\u00e9. En 2018, j\u2019ai quitt\u00e9 Paris pour reconstruire ma vie \u00e0 Tours. \u00c0 cette \u00e9poque, je me sentais \u00e9puis\u00e9e, submerg\u00e9e par mon r\u00f4le de maman solo, de\u2026","rel":"","context":"Article similaire","block_context":{"text":"Article similaire","link":""},"img":{"alt_text":"","src":"https:\/\/i0.wp.com\/muriellejacomet.org\/wp-content\/uploads\/2025\/10\/MIF-A-propos.png?fit=849%2C1200&ssl=1&resize=350%2C200","width":350,"height":200,"srcset":"https:\/\/i0.wp.com\/muriellejacomet.org\/wp-content\/uploads\/2025\/10\/MIF-A-propos.png?fit=849%2C1200&ssl=1&resize=350%2C200 1x, https:\/\/i0.wp.com\/muriellejacomet.org\/wp-content\/uploads\/2025\/10\/MIF-A-propos.png?fit=849%2C1200&ssl=1&resize=525%2C300 1.5x, https:\/\/i0.wp.com\/muriellejacomet.org\/wp-content\/uploads\/2025\/10\/MIF-A-propos.png?fit=849%2C1200&ssl=1&resize=700%2C400 2x"},"classes":[]},{"id":2,"url":"https:\/\/muriellejacomet.org\/index.php\/page-d-exemple\/","url_meta":{"origin":237,"position":2},"title":"Page d\u2019exemple","author":"Murielle","date":"24 ao\u00fbt 2023","format":false,"excerpt":"Ceci est une page d\u2019exemple. C\u2019est diff\u00e9rent d\u2019un article de blog parce qu\u2019elle restera au m\u00eame endroit et appara\u00eetra dans la navigation de votre site (dans la plupart des th\u00e8mes). La plupart des gens commencent par une page \u00ab\u00a0\u00c0 propos\u00a0\u00bb qui les pr\u00e9sente aux personnes visitant le site. Cela pourrait\u2026","rel":"","context":"Article similaire","block_context":{"text":"Article similaire","link":""},"img":{"alt_text":"","src":"","width":0,"height":0},"classes":[]},{"id":3,"url":"https:\/\/muriellejacomet.org\/index.php\/politique-de-confidentialite\/","url_meta":{"origin":237,"position":3},"title":"Politique de confidentialit\u00e9","author":"Murielle","date":"24 ao\u00fbt 2023","format":false,"excerpt":"Qui sommes-nous\u00a0? L\u2019adresse de notre site est\u00a0: http:\/\/muriellejacomet.org. Commentaires Quand vous laissez un commentaire sur notre site, les donn\u00e9es inscrites dans le formulaire de commentaire, ainsi que votre adresse IP et l\u2019agent utilisateur de votre navigateur sont collect\u00e9s pour nous aider \u00e0 la d\u00e9tection des commentaires ind\u00e9sirables. Une cha\u00eene anonymis\u00e9e\u2026","rel":"","context":"Article similaire","block_context":{"text":"Article similaire","link":""},"img":{"alt_text":"","src":"","width":0,"height":0},"classes":[]}],"_links":{"self":[{"href":"https:\/\/muriellejacomet.org\/index.php\/wp-json\/wp\/v2\/pages\/237","targetHints":{"allow":["GET"]}}],"collection":[{"href":"https:\/\/muriellejacomet.org\/index.php\/wp-json\/wp\/v2\/pages"}],"about":[{"href":"https:\/\/muriellejacomet.org\/index.php\/wp-json\/wp\/v2\/types\/page"}],"author":[{"embeddable":true,"href":"https:\/\/muriellejacomet.org\/index.php\/wp-json\/wp\/v2\/users\/1"}],"replies":[{"embeddable":true,"href":"https:\/\/muriellejacomet.org\/index.php\/wp-json\/wp\/v2\/comments?post=237"}],"version-history":[{"count":2,"href":"https:\/\/muriellejacomet.org\/index.php\/wp-json\/wp\/v2\/pages\/237\/revisions"}],"predecessor-version":[{"id":386,"href":"https:\/\/muriellejacomet.org\/index.php\/wp-json\/wp\/v2\/pages\/237\/revisions\/386"}],"wp:featuredmedia":[{"embeddable":true,"href":"https:\/\/muriellejacomet.org\/index.php\/wp-json\/wp\/v2\/media\/2170"}],"wp:attachment":[{"href":"https:\/\/muriellejacomet.org\/index.php\/wp-json\/wp\/v2\/media?parent=237"}],"curies":[{"name":"wp","href":"https:\/\/api.w.org\/{rel}","templated":true}]}}