{"id":383,"date":"2024-04-22T14:24:18","date_gmt":"2024-04-22T12:24:18","guid":{"rendered":"https:\/\/muriellejacomet.org\/?post_type=product&#038;p=383"},"modified":"2024-04-22T14:57:42","modified_gmt":"2024-04-22T12:57:42","slug":"naturo-chat","status":"publish","type":"product","link":"https:\/\/muriellejacomet.org\/index.php\/produit\/naturo-chat\/","title":{"rendered":"@Naturo-Chat"},"content":{"rendered":"\n<p>Vous avez un soucis particulier \u00e0 r\u00e9soudre, ou vous souhaitez mettre en place de nouvelles habitudes pour retrouver une meilleure sant\u00e9 globale ? Vous \u00eates au bon endroit !<br>1- Envoyez moi un email avec votre besoin et vos disponibilit\u00e9s<br>2- Je reviens vers vous avec les cr\u00e9neaux disponibles<br>3- Vous choisissez la date et l\u2019heure qui vous convient le mieux, puis vous r\u00e9gl\u00e9 votre consulation sur cette page.<br>4- Vous recevez votre confirmation de paiement ainsi que les informations de connexion (selon le format choisi : FaceTime, whatsApp, Skype, Zoom).<br>5- Rendez-vous \u00e0 la date convenue pour une heure, une heure quinze de t\u00e9l\u00e9consultation.<\/p>\n\n\n\n<p>H\u00e2te d\u2019\u00e9changer avec vous <\/p>\n\n\n\n<figure class=\"wp-block-image size-full is-resized\"><img data-recalc-dims=\"1\" loading=\"lazy\" decoding=\"async\" width=\"500\" height=\"119\" src=\"https:\/\/i0.wp.com\/muriellejacomet.org\/wp-content\/uploads\/2023\/08\/741F5DEB-28C9-483C-98FE-923F07CFD2E9-e1692900055108.png?resize=500%2C119\" alt=\"\" class=\"wp-image-59\" style=\"width:184px;height:auto\" srcset=\"https:\/\/i0.wp.com\/muriellejacomet.org\/wp-content\/uploads\/2023\/08\/741F5DEB-28C9-483C-98FE-923F07CFD2E9-e1692900055108.png?w=500&amp;ssl=1 500w, https:\/\/i0.wp.com\/muriellejacomet.org\/wp-content\/uploads\/2023\/08\/741F5DEB-28C9-483C-98FE-923F07CFD2E9-e1692900055108.png?resize=300%2C71&amp;ssl=1 300w\" sizes=\"auto, (max-width: 500px) 100vw, 500px\" \/><\/figure>\n\n\n\n<p><a href=\"mailto:naturo@muriellejacomet.org\">Me contacter ici  &gt;<\/a><\/p>\n","protected":false},"excerpt":{"rendered":"<p>Les t\u00e9l\u00e9consultations conseils en naturopathie.<br \/>1h \/ 1h15 en visioconf\u00e9rence, plusieurs formats disponibles : <br \/>FaceTime, WhatsApp, Skype, Zoom.<br \/>Sur rendez vous uniquement.<br \/>(<em>Avant d\u2019ajouter ce produit au panier, merci de prendre contact avec moi cf lien ci dessous dans la description<\/em>)<\/p>\n","protected":false},"featured_media":384,"comment_status":"closed","ping_status":"closed","template":"","meta":{"advanced_seo_description":"","jetpack_seo_html_title":"","jetpack_seo_noindex":false},"product_brand":[],"product_cat":[23],"product_tag":[33,34,32],"class_list":{"0":"post-383","1":"product","2":"type-product","3":"status-publish","4":"has-post-thumbnail","6":"product_cat-consultations","7":"product_tag-naturopathie","8":"product_tag-prevention-sante","9":"product_tag-teleconsultations","10":"has-single-img","12":"first","13":"instock","14":"shipping-taxable","15":"purchasable","16":"product-type-simple"},"jetpack_sharing_enabled":true,"jetpack_likes_enabled":false,"jetpack-related-posts":[],"_links":{"self":[{"href":"https:\/\/muriellejacomet.org\/index.php\/wp-json\/wp\/v2\/product\/383","targetHints":{"allow":["GET"]}}],"collection":[{"href":"https:\/\/muriellejacomet.org\/index.php\/wp-json\/wp\/v2\/product"}],"about":[{"href":"https:\/\/muriellejacomet.org\/index.php\/wp-json\/wp\/v2\/types\/product"}],"replies":[{"embeddable":true,"href":"https:\/\/muriellejacomet.org\/index.php\/wp-json\/wp\/v2\/comments?post=383"}],"wp:featuredmedia":[{"embeddable":true,"href":"https:\/\/muriellejacomet.org\/index.php\/wp-json\/wp\/v2\/media\/384"}],"wp:attachment":[{"href":"https:\/\/muriellejacomet.org\/index.php\/wp-json\/wp\/v2\/media?parent=383"}],"wp:term":[{"taxonomy":"product_brand","embeddable":true,"href":"https:\/\/muriellejacomet.org\/index.php\/wp-json\/wp\/v2\/product_brand?post=383"},{"taxonomy":"product_cat","embeddable":true,"href":"https:\/\/muriellejacomet.org\/index.php\/wp-json\/wp\/v2\/product_cat?post=383"},{"taxonomy":"product_tag","embeddable":true,"href":"https:\/\/muriellejacomet.org\/index.php\/wp-json\/wp\/v2\/product_tag?post=383"}],"curies":[{"name":"wp","href":"https:\/\/api.w.org\/{rel}","templated":true}]}}